{"id":33631,"date":"2024-02-27T15:00:03","date_gmt":"2024-02-27T13:00:03","guid":{"rendered":"https:\/\/equusarea.com\/newsletter\/"},"modified":"2024-02-27T15:00:04","modified_gmt":"2024-02-27T13:00:04","slug":"newsletter","status":"publish","type":"page","link":"https:\/\/equusarea.com\/es\/newsletter\/","title":{"rendered":"Newsletter"},"content":{"rendered":"\t\t<div data-elementor-type=\"wp-page\" data-elementor-id=\"33631\" class=\"elementor elementor-33631 elementor-27698\" data-elementor-post-type=\"page\">\n\t\t\t\t\t\t<section data-particle_enable=\"false\" data-particle-mobile-disabled=\"false\" class=\"elementor-section elementor-top-section elementor-element elementor-element-496acad elementor-section-height-min-height elementor-section-items-top elementor-section-content-top elementor-section-boxed elementor-section-height-default\" data-id=\"496acad\" data-element_type=\"section\" data-e-type=\"section\">\n\t\t\t\t\t\t<div class=\"elementor-container elementor-column-gap-default\">\n\t\t\t\t\t<div class=\"elementor-column elementor-col-100 elementor-top-column elementor-element elementor-element-b9bbd17\" data-id=\"b9bbd17\" data-element_type=\"column\" data-e-type=\"column\" data-settings=\"{&quot;background_background&quot;:&quot;classic&quot;}\">\n\t\t\t<div class=\"elementor-widget-wrap elementor-element-populated\">\n\t\t\t\t\t\t<div class=\"elementor-element elementor-element-b675a3c elementor-widget elementor-widget-heading\" data-id=\"b675a3c\" data-element_type=\"widget\" data-e-type=\"widget\" data-widget_type=\"heading.default\">\n\t\t\t\t<div class=\"elementor-widget-container\">\n\t\t\t\t\t<h4 class=\"elementor-heading-title elementor-size-default\">BOLET\u00cdN DE NOTICIAS<\/h4>\t\t\t\t<\/div>\n\t\t\t\t<\/div>\n\t\t\t\t<div class=\"elementor-element elementor-element-507902b elementor-widget elementor-widget-html\" data-id=\"507902b\" data-element_type=\"widget\" data-e-type=\"widget\" data-widget_type=\"html.default\">\n\t\t\t\t<div class=\"elementor-widget-container\">\n\t\t\t\t\t<style>\r\n\/** NEWSLETTER **\/\r\n.tnp-field {\r\n\tmargin:10px 0px;\r\n}\r\n.tnp-email {\r\n\tborder-radius:0px !important;\r\n}\r\n.tnp-email::placeholder {\r\n  color: #999;\r\n}\r\n.tnp-field label, .tnp-field a, .tnp-field p {\r\n    color: #E9DA91 !important;\r\n    font-family: Josefin Sans;\r\n    font-size: 14px;\r\n    line-height: 1.3;\r\n}\r\n.tnp-field a {\r\n    text-decoration: underline;\r\n}\r\ninput.tnp-submit {\r\n\tborder-radius:0px !important;\r\n\tpadding:8px 20px;\r\n\tbackground: #E9DA91 !important;\r\n\tborder:none;\r\n\tcolor:#000;\r\n\tfont-family: 'Josefin Sans' !important;\r\n\tfont-size:14px !important;\r\n}\r\ninput.tnp-submit:hover {\r\n\tbackground: #C1A46B !important;\r\n\tborder:none;\r\n\tcolor:#000;\r\n\tfont-family: 'Josefin Sans' !important;\r\n\tfont-size:14px !important;\r\n}    \r\n<\/style>\r\n<div class=\"subscription\">\r\n  <form method=\"post\" action=\"https:\/\/equusarea.com\/fan-shop\/?na=s\">\r\n   <input type=\"hidden\" id=\"lista\" name=\"nl[]\" value=\"2\">\r\n    <input type=\"hidden\" name=\"nlang\" value=\"\">\r\n    <div class=\"tnp-field tnp-field-email\">\r\n       <input class=\"tnp-email\" type=\"email\" name=\"ne\" id=\"tnp-1\" value=\"\" placeholder=\"ex:horselover@equusarea.com\" required>\r\n   <\/div>\r\n   <div class=\"tnp-field tnp-privacy-field\">\r\n        <label> <input type=\"checkbox\" name=\"promotions\" class=\"tnp-privacy\"> Acepto recibir promociones, ofertas y comunicaciones comerciales.<\/label>\r\n     <\/div>\r\n     <div class=\"tnp-field tnp-privacy-field\">\r\n        <label> <input type=\"checkbox\" name=\"ny\" required class=\"tnp-privacy\"> Acepto las <a href=\"https:\/\/equusarea.com\/es\/conditions\/\">condiciones generales de contrataci\u00f3n<\/a> y la <a href=\"https:\/\/equusarea.com\/es\/privacy\/\">Pol\u00edtica de Privacidad<\/a>*<\/label>\r\n     <\/div>\r\n     <div class=\"tnp-field tnp-privacy-field\">\r\n          <p>Vea la informaci\u00f3n b\u00e1sica sobre la protecci\u00f3n de datos <span id=\"footermodal\" >aqu\u00ed<\/span>.<\/p>\r\n     <\/div>\r\n     <div class=\"tnp-field tnp-field-button\">\r\n      <input class=\"tnp-submit\" type=\"submit\" value=\"Suscribirse\" >\r\n     <\/div>\r\n   <\/form>\r\n<\/div>\t\t\t\t<\/div>\n\t\t\t\t<\/div>\n\t\t\t\t<div class=\"elementor-element elementor-element-1aaffdb elementor-widget elementor-widget-eael-lightbox\" data-id=\"1aaffdb\" data-element_type=\"widget\" data-e-type=\"widget\" data-widget_type=\"eael-lightbox.default\">\n\t\t\t\t<div class=\"elementor-widget-container\">\n\t\t\t\t\t\n\n\t\t<div data-lightbox-type=\"lightbox_type_content\" data-lightbox-type-url=\"\" data-lightbox-trigger-pageload=\"1\" class=\"eael-lightbox-wrapper\" data-trigger=\"eael_lightbox_trigger_external\" data-lightbox-id=\"lightbox_69e1b894e5f7a\" data-type=\"inline\" data-src=\"#eael-lightbox-window-69e1b894e5f7a\" data-popup-layout=\"eael-lightbox-popup-standard\" data-main-class=\"eael-lightbox-modal-popup-1aaffdb\" data-close_button=\"yes\" data-esc_exit=\"yes\" data-click_exit=\"yes\" data-effect=\"animated mfp-zoom-in\" data-trigger-element=\"#footermodal\">\n\t\t\t<div class=\"eael-lightbox-btn\">\n\t\t\t\t\t\t\t<\/div><!-- close .eael-lightbox-btn -->\n\t\t<\/div>\n\n\t\t<div class=\"eael-lightbox-popup-window eael-lightbox-popup-window-1aaffdb lightbox_type_content\" id=\"eael-lightbox-window-69e1b894e5f7a\">\n\t\t\t<div class=\"eael-lightbox-container\">\n\t\t\t\t\t\t\t\t\t<div class=\"eael-lightbox-header\">\n\t\t\t\t\t\t<h2 class=\"eael-lightbox-title\">Informaci\u00f3n b\u00e1sica sobre la protecci\u00f3n de datos<\/h2>\n\t\t\t\t\t<\/div>\n\t\t\t\t<div class=\"eael-lightbox-content\"><ul>\n<li aria-level=\"1\"><b>Responsable del tratamiento:<\/b>\u00a0Laia Pag\u00e8s Garcia, en adelante (EQUUS AREA\u00ae).<\/li>\n<li aria-level=\"1\"><b>Objetivo del tratamiento:\u00a0<\/b>Enviar la informaci\u00f3n que el usuario requiere a trav\u00e9s de la web.<\/li>\n<li aria-level=\"1\"><b>Beneficiarios:\u00a0<\/b>Hosting Webempresa<\/li>\n<li aria-level=\"1\"><b>Legitimaci\u00f3n del tratamiento:\u00a0<\/b>Consentimiento del interesado.<\/li>\n<li aria-level=\"1\"><b>Derechos:\u00a0<\/b>Usted tiene derecho a acceder, rectificar y eliminar los datos, as\u00ed como otros derechos, como se explica en la informaci\u00f3n adicional.<\/li>\n<li aria-level=\"1\"><b>Informaci\u00f3n adicional:\u00a0<\/b>Puede consultar la informaci\u00f3n adicional y detallada en\u00a0<a href=\"https:\/\/equusarea.com\/es\/privacy\/\">Protecci\u00f3n de datos<\/a><\/li>\n<\/ul>\n<\/div>\n\n\t\t\t<\/div>\n\t\t<\/div>\n\t\t\t\t<\/div>\n\t\t\t\t<\/div>\n\t\t\t\t\t<\/div>\n\t\t<\/div>\n\t\t\t\t\t<\/div>\n\t\t<\/section>\n\t\t\t\t<\/div>\n\t\t","protected":false},"excerpt":{"rendered":"<p>BOLET\u00cdN DE NOTICIAS Acepto recibir promociones, ofertas y comunicaciones comerciales. Acepto las condiciones generales de contrataci\u00f3n y la Pol\u00edtica de Privacidad* Vea la informaci\u00f3n b\u00e1sica sobre la protecci\u00f3n de datos aqu\u00ed. Informaci\u00f3n b\u00e1sica sobre la protecci\u00f3n de datos Responsable del tratamiento:\u00a0Laia Pag\u00e8s Garcia, en adelante (EQUUS AREA\u00ae). Objetivo del tratamiento:\u00a0Enviar la informaci\u00f3n que el usuario [&hellip;]<\/p>\n","protected":false},"author":1,"featured_media":0,"parent":0,"menu_order":0,"comment_status":"closed","ping_status":"closed","template":"elementor_header_footer","meta":{"footnotes":""},"class_list":["post-33631","page","type-page","status-publish","hentry"],"yoast_head":"<!-- This site is optimized with the Yoast SEO Premium plugin v25.4 (Yoast SEO v25.4) - https:\/\/yoast.com\/wordpress\/plugins\/seo\/ -->\n<title>Newsletter - EQUUS AREA<\/title>\n<meta name=\"robots\" content=\"index, follow, max-snippet:-1, max-image-preview:large, max-video-preview:-1\" \/>\n<link rel=\"canonical\" href=\"https:\/\/equusarea.com\/es\/newsletter\/\" \/>\n<meta property=\"og:locale\" content=\"es_ES\" \/>\n<meta property=\"og:type\" content=\"article\" \/>\n<meta property=\"og:title\" content=\"Newsletter\" \/>\n<meta property=\"og:description\" content=\"BOLET\u00cdN DE NOTICIAS Acepto recibir promociones, ofertas y comunicaciones comerciales. Acepto las condiciones generales de contrataci\u00f3n y la Pol\u00edtica de Privacidad* Vea la informaci\u00f3n b\u00e1sica sobre la protecci\u00f3n de datos aqu\u00ed. Informaci\u00f3n b\u00e1sica sobre la protecci\u00f3n de datos Responsable del tratamiento:\u00a0Laia Pag\u00e8s Garcia, en adelante (EQUUS AREA\u00ae). Objetivo del tratamiento:\u00a0Enviar la informaci\u00f3n que el usuario [&hellip;]\" \/>\n<meta property=\"og:url\" content=\"https:\/\/equusarea.com\/es\/newsletter\/\" \/>\n<meta property=\"og:site_name\" content=\"EQUUS AREA\" \/>\n<meta property=\"article:publisher\" content=\"https:\/\/www.facebook.com\/equusarea\" \/>\n<meta property=\"article:modified_time\" content=\"2024-02-27T13:00:04+00:00\" \/>\n<meta property=\"og:image\" content=\"https:\/\/equusarea.com\/wp-content\/uploads\/2021\/06\/cropped-AAFF_01_LOGO_EQUUS_horitz_transp_TM.png\" \/>\n\t<meta property=\"og:image:width\" content=\"1890\" \/>\n\t<meta property=\"og:image:height\" content=\"723\" \/>\n\t<meta property=\"og:image:type\" content=\"image\/png\" \/>\n<meta name=\"twitter:card\" content=\"summary_large_image\" \/>\n<meta name=\"twitter:label1\" content=\"Tiempo de lectura\" \/>\n\t<meta name=\"twitter:data1\" content=\"1 minuto\" \/>\n<script type=\"application\/ld+json\" class=\"yoast-schema-graph\">{\"@context\":\"https:\/\/schema.org\",\"@graph\":[{\"@type\":\"WebPage\",\"@id\":\"https:\/\/equusarea.com\/es\/newsletter\/\",\"url\":\"https:\/\/equusarea.com\/es\/newsletter\/\",\"name\":\"Newsletter - EQUUS AREA\",\"isPartOf\":{\"@id\":\"https:\/\/equusarea.com\/es\/#website\"},\"datePublished\":\"2024-02-27T13:00:03+00:00\",\"dateModified\":\"2024-02-27T13:00:04+00:00\",\"breadcrumb\":{\"@id\":\"https:\/\/equusarea.com\/es\/newsletter\/#breadcrumb\"},\"inLanguage\":\"es\",\"potentialAction\":[{\"@type\":\"ReadAction\",\"target\":[\"https:\/\/equusarea.com\/es\/newsletter\/\"]}]},{\"@type\":\"BreadcrumbList\",\"@id\":\"https:\/\/equusarea.com\/es\/newsletter\/#breadcrumb\",\"itemListElement\":[{\"@type\":\"ListItem\",\"position\":1,\"name\":\"Home\",\"item\":\"https:\/\/equusarea.com\/es\/\"},{\"@type\":\"ListItem\",\"position\":2,\"name\":\"Newsletter\"}]},{\"@type\":\"WebSite\",\"@id\":\"https:\/\/equusarea.com\/es\/#website\",\"url\":\"https:\/\/equusarea.com\/es\/\",\"name\":\"EQUUS AREA\",\"description\":\"Internacional Equestrian Marketplace\",\"publisher\":{\"@id\":\"https:\/\/equusarea.com\/es\/#organization\"},\"potentialAction\":[{\"@type\":\"SearchAction\",\"target\":{\"@type\":\"EntryPoint\",\"urlTemplate\":\"https:\/\/equusarea.com\/es\/?s={search_term_string}\"},\"query-input\":{\"@type\":\"PropertyValueSpecification\",\"valueRequired\":true,\"valueName\":\"search_term_string\"}}],\"inLanguage\":\"es\"},{\"@type\":\"Organization\",\"@id\":\"https:\/\/equusarea.com\/es\/#organization\",\"name\":\"EQUUS AREA\",\"url\":\"https:\/\/equusarea.com\/es\/\",\"logo\":{\"@type\":\"ImageObject\",\"inLanguage\":\"es\",\"@id\":\"https:\/\/equusarea.com\/es\/#\/schema\/logo\/image\/\",\"url\":\"https:\/\/equusarea.com\/wp-content\/uploads\/2021\/06\/Cola-Dorada.png\",\"contentUrl\":\"https:\/\/equusarea.com\/wp-content\/uploads\/2021\/06\/Cola-Dorada.png\",\"width\":397,\"height\":488,\"caption\":\"EQUUS AREA\"},\"image\":{\"@id\":\"https:\/\/equusarea.com\/es\/#\/schema\/logo\/image\/\"},\"sameAs\":[\"https:\/\/www.facebook.com\/equusarea\",\"https:\/\/www.instagram.com\/equusarea\/\"]}]}<\/script>\n<!-- \/ Yoast SEO Premium plugin. -->","yoast_head_json":{"title":"Newsletter - EQUUS AREA","robots":{"index":"index","follow":"follow","max-snippet":"max-snippet:-1","max-image-preview":"max-image-preview:large","max-video-preview":"max-video-preview:-1"},"canonical":"https:\/\/equusarea.com\/es\/newsletter\/","og_locale":"es_ES","og_type":"article","og_title":"Newsletter","og_description":"BOLET\u00cdN DE NOTICIAS Acepto recibir promociones, ofertas y comunicaciones comerciales. Acepto las condiciones generales de contrataci\u00f3n y la Pol\u00edtica de Privacidad* Vea la informaci\u00f3n b\u00e1sica sobre la protecci\u00f3n de datos aqu\u00ed. Informaci\u00f3n b\u00e1sica sobre la protecci\u00f3n de datos Responsable del tratamiento:\u00a0Laia Pag\u00e8s Garcia, en adelante (EQUUS AREA\u00ae). Objetivo del tratamiento:\u00a0Enviar la informaci\u00f3n que el usuario [&hellip;]","og_url":"https:\/\/equusarea.com\/es\/newsletter\/","og_site_name":"EQUUS AREA","article_publisher":"https:\/\/www.facebook.com\/equusarea","article_modified_time":"2024-02-27T13:00:04+00:00","og_image":[{"width":1890,"height":723,"url":"https:\/\/equusarea.com\/wp-content\/uploads\/2021\/06\/cropped-AAFF_01_LOGO_EQUUS_horitz_transp_TM.png","type":"image\/png"}],"twitter_card":"summary_large_image","twitter_misc":{"Tiempo de lectura":"1 minuto"},"schema":{"@context":"https:\/\/schema.org","@graph":[{"@type":"WebPage","@id":"https:\/\/equusarea.com\/es\/newsletter\/","url":"https:\/\/equusarea.com\/es\/newsletter\/","name":"Newsletter - EQUUS AREA","isPartOf":{"@id":"https:\/\/equusarea.com\/es\/#website"},"datePublished":"2024-02-27T13:00:03+00:00","dateModified":"2024-02-27T13:00:04+00:00","breadcrumb":{"@id":"https:\/\/equusarea.com\/es\/newsletter\/#breadcrumb"},"inLanguage":"es","potentialAction":[{"@type":"ReadAction","target":["https:\/\/equusarea.com\/es\/newsletter\/"]}]},{"@type":"BreadcrumbList","@id":"https:\/\/equusarea.com\/es\/newsletter\/#breadcrumb","itemListElement":[{"@type":"ListItem","position":1,"name":"Home","item":"https:\/\/equusarea.com\/es\/"},{"@type":"ListItem","position":2,"name":"Newsletter"}]},{"@type":"WebSite","@id":"https:\/\/equusarea.com\/es\/#website","url":"https:\/\/equusarea.com\/es\/","name":"EQUUS AREA","description":"Internacional Equestrian Marketplace","publisher":{"@id":"https:\/\/equusarea.com\/es\/#organization"},"potentialAction":[{"@type":"SearchAction","target":{"@type":"EntryPoint","urlTemplate":"https:\/\/equusarea.com\/es\/?s={search_term_string}"},"query-input":{"@type":"PropertyValueSpecification","valueRequired":true,"valueName":"search_term_string"}}],"inLanguage":"es"},{"@type":"Organization","@id":"https:\/\/equusarea.com\/es\/#organization","name":"EQUUS AREA","url":"https:\/\/equusarea.com\/es\/","logo":{"@type":"ImageObject","inLanguage":"es","@id":"https:\/\/equusarea.com\/es\/#\/schema\/logo\/image\/","url":"https:\/\/equusarea.com\/wp-content\/uploads\/2021\/06\/Cola-Dorada.png","contentUrl":"https:\/\/equusarea.com\/wp-content\/uploads\/2021\/06\/Cola-Dorada.png","width":397,"height":488,"caption":"EQUUS AREA"},"image":{"@id":"https:\/\/equusarea.com\/es\/#\/schema\/logo\/image\/"},"sameAs":["https:\/\/www.facebook.com\/equusarea","https:\/\/www.instagram.com\/equusarea\/"]}]}},"_links":{"self":[{"href":"https:\/\/equusarea.com\/es\/wp-json\/wp\/v2\/pages\/33631","targetHints":{"allow":["GET"]}}],"collection":[{"href":"https:\/\/equusarea.com\/es\/wp-json\/wp\/v2\/pages"}],"about":[{"href":"https:\/\/equusarea.com\/es\/wp-json\/wp\/v2\/types\/page"}],"author":[{"embeddable":true,"href":"https:\/\/equusarea.com\/es\/wp-json\/wp\/v2\/users\/1"}],"replies":[{"embeddable":true,"href":"https:\/\/equusarea.com\/es\/wp-json\/wp\/v2\/comments?post=33631"}],"version-history":[{"count":0,"href":"https:\/\/equusarea.com\/es\/wp-json\/wp\/v2\/pages\/33631\/revisions"}],"wp:attachment":[{"href":"https:\/\/equusarea.com\/es\/wp-json\/wp\/v2\/media?parent=33631"}],"curies":[{"name":"wp","href":"https:\/\/api.w.org\/{rel}","templated":true}]}}