{"id":26906,"date":"2021-12-20T22:14:33","date_gmt":"2021-12-20T20:14:33","guid":{"rendered":"https:\/\/equusarea.com\/jobs\/"},"modified":"2021-12-22T18:35:05","modified_gmt":"2021-12-22T16:35:05","slug":"trabajos","status":"publish","type":"page","link":"https:\/\/equusarea.com\/es\/trabajos\/","title":{"rendered":"JOBS"},"content":{"rendered":"\t\t<div data-elementor-type=\"wp-page\" data-elementor-id=\"26906\" class=\"elementor elementor-26906 elementor-26168\" data-elementor-post-type=\"page\">\n\t\t\t\t\t\t<section data-particle_enable=\"false\" data-particle-mobile-disabled=\"false\" class=\"elementor-section elementor-top-section elementor-element elementor-element-03dd5a6 elementor-section-boxed elementor-section-height-default elementor-section-height-default\" data-id=\"03dd5a6\" data-element_type=\"section\" data-e-type=\"section\" data-settings=\"{&quot;background_background&quot;:&quot;classic&quot;}\">\n\t\t\t\t\t\t<div class=\"elementor-container elementor-column-gap-wide\">\n\t\t\t\t\t<div class=\"elementor-column elementor-col-100 elementor-top-column elementor-element elementor-element-d63a1bb\" data-id=\"d63a1bb\" data-element_type=\"column\" data-e-type=\"column\">\n\t\t\t<div class=\"elementor-widget-wrap elementor-element-populated\">\n\t\t\t\t\t\t<div class=\"elementor-element elementor-element-40869af elementor-widget elementor-widget-text-editor\" data-id=\"40869af\" data-element_type=\"widget\" data-e-type=\"widget\" data-widget_type=\"text-editor.default\">\n\t\t\t\t<div class=\"elementor-widget-container\">\n\t\t\t\t\t\t\t\t\t<p style=\"text-align: center;\"><strong>El modo mantenimiento est\u00e1 activado<br \/><\/strong>El apartado EQUUS AREA JOBS estar\u00e1 disponible pronto. Disculpen las molestias.<\/p>\t\t\t\t\t\t\t\t<\/div>\n\t\t\t\t<\/div>\n\t\t\t\t<div class=\"elementor-element elementor-element-3ff1563 elementor-align-center elementor-widget elementor-widget-button\" data-id=\"3ff1563\" data-element_type=\"widget\" data-e-type=\"widget\" data-widget_type=\"button.default\">\n\t\t\t\t<div class=\"elementor-widget-container\">\n\t\t\t\t\t\t\t\t\t<div class=\"elementor-button-wrapper\">\n\t\t\t\t\t<a class=\"elementor-button elementor-button-link elementor-size-sm\" href=\"https:\/\/equusarea.com\/contactar\/?lang=es\">\n\t\t\t\t\t\t<span class=\"elementor-button-content-wrapper\">\n\t\t\t\t\t\t\t\t\t<span class=\"elementor-button-text\">M\u00e1s informaci\u00f3n<\/span>\n\t\t\t\t\t<\/span>\n\t\t\t\t\t<\/a>\n\t\t\t\t<\/div>\n\t\t\t\t\t\t\t\t<\/div>\n\t\t\t\t<\/div>\n\t\t\t\t\t<\/div>\n\t\t<\/div>\n\t\t\t\t\t<\/div>\n\t\t<\/section>\n\t\t\t\t<\/div>\n\t\t","protected":false},"excerpt":{"rendered":"<p>El modo mantenimiento est\u00e1 activadoEl apartado EQUUS AREA JOBS estar\u00e1 disponible pronto. Disculpen las molestias. M\u00e1s informaci\u00f3n<\/p>\n","protected":false},"author":1,"featured_media":0,"parent":0,"menu_order":0,"comment_status":"closed","ping_status":"closed","template":"","meta":{"footnotes":""},"class_list":["post-26906","page","type-page","status-publish","hentry"],"yoast_head":"<!-- This site is optimized with the Yoast SEO Premium plugin v25.4 (Yoast SEO v25.4) - https:\/\/yoast.com\/wordpress\/plugins\/seo\/ -->\n<title>JOBS - EQUUS AREA<\/title>\n<meta name=\"robots\" content=\"index, follow, max-snippet:-1, max-image-preview:large, max-video-preview:-1\" \/>\n<link rel=\"canonical\" href=\"https:\/\/equusarea.com\/es\/trabajos\/\" \/>\n<meta property=\"og:locale\" content=\"es_ES\" \/>\n<meta property=\"og:type\" content=\"article\" \/>\n<meta property=\"og:title\" content=\"JOBS\" \/>\n<meta property=\"og:description\" content=\"El modo mantenimiento est\u00e1 activadoEl apartado EQUUS AREA JOBS estar\u00e1 disponible pronto. Disculpen las molestias. M\u00e1s informaci\u00f3n\" \/>\n<meta property=\"og:url\" content=\"https:\/\/equusarea.com\/es\/trabajos\/\" \/>\n<meta property=\"og:site_name\" content=\"EQUUS AREA\" \/>\n<meta property=\"article:publisher\" content=\"https:\/\/www.facebook.com\/equusarea\" \/>\n<meta property=\"article:modified_time\" content=\"2021-12-22T16:35:05+00:00\" \/>\n<meta property=\"og:image\" content=\"https:\/\/equusarea.com\/wp-content\/uploads\/2021\/06\/cropped-AAFF_01_LOGO_EQUUS_horitz_transp_TM.png\" \/>\n\t<meta property=\"og:image:width\" content=\"1890\" \/>\n\t<meta property=\"og:image:height\" content=\"723\" \/>\n\t<meta property=\"og:image:type\" content=\"image\/png\" \/>\n<meta name=\"twitter:card\" content=\"summary_large_image\" \/>\n<script type=\"application\/ld+json\" class=\"yoast-schema-graph\">{\"@context\":\"https:\/\/schema.org\",\"@graph\":[{\"@type\":\"WebPage\",\"@id\":\"https:\/\/equusarea.com\/es\/trabajos\/\",\"url\":\"https:\/\/equusarea.com\/es\/trabajos\/\",\"name\":\"JOBS - EQUUS AREA\",\"isPartOf\":{\"@id\":\"https:\/\/equusarea.com\/es\/#website\"},\"datePublished\":\"2021-12-20T20:14:33+00:00\",\"dateModified\":\"2021-12-22T16:35:05+00:00\",\"breadcrumb\":{\"@id\":\"https:\/\/equusarea.com\/es\/trabajos\/#breadcrumb\"},\"inLanguage\":\"es\",\"potentialAction\":[{\"@type\":\"ReadAction\",\"target\":[\"https:\/\/equusarea.com\/es\/trabajos\/\"]}]},{\"@type\":\"BreadcrumbList\",\"@id\":\"https:\/\/equusarea.com\/es\/trabajos\/#breadcrumb\",\"itemListElement\":[{\"@type\":\"ListItem\",\"position\":1,\"name\":\"Home\",\"item\":\"https:\/\/equusarea.com\/es\/\"},{\"@type\":\"ListItem\",\"position\":2,\"name\":\"JOBS\"}]},{\"@type\":\"WebSite\",\"@id\":\"https:\/\/equusarea.com\/es\/#website\",\"url\":\"https:\/\/equusarea.com\/es\/\",\"name\":\"EQUUS AREA\",\"description\":\"Internacional Equestrian Marketplace\",\"publisher\":{\"@id\":\"https:\/\/equusarea.com\/es\/#organization\"},\"potentialAction\":[{\"@type\":\"SearchAction\",\"target\":{\"@type\":\"EntryPoint\",\"urlTemplate\":\"https:\/\/equusarea.com\/es\/?s={search_term_string}\"},\"query-input\":{\"@type\":\"PropertyValueSpecification\",\"valueRequired\":true,\"valueName\":\"search_term_string\"}}],\"inLanguage\":\"es\"},{\"@type\":\"Organization\",\"@id\":\"https:\/\/equusarea.com\/es\/#organization\",\"name\":\"EQUUS AREA\",\"url\":\"https:\/\/equusarea.com\/es\/\",\"logo\":{\"@type\":\"ImageObject\",\"inLanguage\":\"es\",\"@id\":\"https:\/\/equusarea.com\/es\/#\/schema\/logo\/image\/\",\"url\":\"https:\/\/equusarea.com\/wp-content\/uploads\/2021\/06\/Cola-Dorada.png\",\"contentUrl\":\"https:\/\/equusarea.com\/wp-content\/uploads\/2021\/06\/Cola-Dorada.png\",\"width\":397,\"height\":488,\"caption\":\"EQUUS AREA\"},\"image\":{\"@id\":\"https:\/\/equusarea.com\/es\/#\/schema\/logo\/image\/\"},\"sameAs\":[\"https:\/\/www.facebook.com\/equusarea\",\"https:\/\/www.instagram.com\/equusarea\/\"]}]}<\/script>\n<!-- \/ Yoast SEO Premium plugin. -->","yoast_head_json":{"title":"JOBS - EQUUS AREA","robots":{"index":"index","follow":"follow","max-snippet":"max-snippet:-1","max-image-preview":"max-image-preview:large","max-video-preview":"max-video-preview:-1"},"canonical":"https:\/\/equusarea.com\/es\/trabajos\/","og_locale":"es_ES","og_type":"article","og_title":"JOBS","og_description":"El modo mantenimiento est\u00e1 activadoEl apartado EQUUS AREA JOBS estar\u00e1 disponible pronto. Disculpen las molestias. M\u00e1s informaci\u00f3n","og_url":"https:\/\/equusarea.com\/es\/trabajos\/","og_site_name":"EQUUS AREA","article_publisher":"https:\/\/www.facebook.com\/equusarea","article_modified_time":"2021-12-22T16:35:05+00:00","og_image":[{"width":1890,"height":723,"url":"https:\/\/equusarea.com\/wp-content\/uploads\/2021\/06\/cropped-AAFF_01_LOGO_EQUUS_horitz_transp_TM.png","type":"image\/png"}],"twitter_card":"summary_large_image","schema":{"@context":"https:\/\/schema.org","@graph":[{"@type":"WebPage","@id":"https:\/\/equusarea.com\/es\/trabajos\/","url":"https:\/\/equusarea.com\/es\/trabajos\/","name":"JOBS - EQUUS AREA","isPartOf":{"@id":"https:\/\/equusarea.com\/es\/#website"},"datePublished":"2021-12-20T20:14:33+00:00","dateModified":"2021-12-22T16:35:05+00:00","breadcrumb":{"@id":"https:\/\/equusarea.com\/es\/trabajos\/#breadcrumb"},"inLanguage":"es","potentialAction":[{"@type":"ReadAction","target":["https:\/\/equusarea.com\/es\/trabajos\/"]}]},{"@type":"BreadcrumbList","@id":"https:\/\/equusarea.com\/es\/trabajos\/#breadcrumb","itemListElement":[{"@type":"ListItem","position":1,"name":"Home","item":"https:\/\/equusarea.com\/es\/"},{"@type":"ListItem","position":2,"name":"JOBS"}]},{"@type":"WebSite","@id":"https:\/\/equusarea.com\/es\/#website","url":"https:\/\/equusarea.com\/es\/","name":"EQUUS AREA","description":"Internacional Equestrian Marketplace","publisher":{"@id":"https:\/\/equusarea.com\/es\/#organization"},"potentialAction":[{"@type":"SearchAction","target":{"@type":"EntryPoint","urlTemplate":"https:\/\/equusarea.com\/es\/?s={search_term_string}"},"query-input":{"@type":"PropertyValueSpecification","valueRequired":true,"valueName":"search_term_string"}}],"inLanguage":"es"},{"@type":"Organization","@id":"https:\/\/equusarea.com\/es\/#organization","name":"EQUUS AREA","url":"https:\/\/equusarea.com\/es\/","logo":{"@type":"ImageObject","inLanguage":"es","@id":"https:\/\/equusarea.com\/es\/#\/schema\/logo\/image\/","url":"https:\/\/equusarea.com\/wp-content\/uploads\/2021\/06\/Cola-Dorada.png","contentUrl":"https:\/\/equusarea.com\/wp-content\/uploads\/2021\/06\/Cola-Dorada.png","width":397,"height":488,"caption":"EQUUS AREA"},"image":{"@id":"https:\/\/equusarea.com\/es\/#\/schema\/logo\/image\/"},"sameAs":["https:\/\/www.facebook.com\/equusarea","https:\/\/www.instagram.com\/equusarea\/"]}]}},"_links":{"self":[{"href":"https:\/\/equusarea.com\/es\/wp-json\/wp\/v2\/pages\/26906","targetHints":{"allow":["GET"]}}],"collection":[{"href":"https:\/\/equusarea.com\/es\/wp-json\/wp\/v2\/pages"}],"about":[{"href":"https:\/\/equusarea.com\/es\/wp-json\/wp\/v2\/types\/page"}],"author":[{"embeddable":true,"href":"https:\/\/equusarea.com\/es\/wp-json\/wp\/v2\/users\/1"}],"replies":[{"embeddable":true,"href":"https:\/\/equusarea.com\/es\/wp-json\/wp\/v2\/comments?post=26906"}],"version-history":[{"count":0,"href":"https:\/\/equusarea.com\/es\/wp-json\/wp\/v2\/pages\/26906\/revisions"}],"wp:attachment":[{"href":"https:\/\/equusarea.com\/es\/wp-json\/wp\/v2\/media?parent=26906"}],"curies":[{"name":"wp","href":"https:\/\/api.w.org\/{rel}","templated":true}]}}