{"id":26646,"date":"2021-06-05T08:43:52","date_gmt":"2021-06-05T06:43:52","guid":{"rendered":"https:\/\/equusarea.com\/contact\/"},"modified":"2022-04-29T11:05:42","modified_gmt":"2022-04-29T09:05:42","slug":"contactar","status":"publish","type":"page","link":"https:\/\/equusarea.com\/es\/contactar\/","title":{"rendered":"Contactar"},"content":{"rendered":"\t\t<div data-elementor-type=\"wp-page\" data-elementor-id=\"26646\" class=\"elementor elementor-26646 elementor-23231\" data-elementor-post-type=\"page\">\n\t\t\t\t\t\t<section data-particle_enable=\"false\" data-particle-mobile-disabled=\"false\" data-dce-background-color=\"#FFFFFF\" class=\"elementor-section elementor-top-section elementor-element elementor-element-64ff5d67 elementor-section-stretched elementor-section-boxed elementor-section-height-default elementor-section-height-default\" data-id=\"64ff5d67\" data-element_type=\"section\" data-e-type=\"section\" data-settings=\"{&quot;stretch_section&quot;:&quot;section-stretched&quot;,&quot;background_background&quot;:&quot;classic&quot;}\">\n\t\t\t\t\t\t<div class=\"elementor-container elementor-column-gap-default\">\n\t\t\t\t\t<div class=\"elementor-column elementor-col-100 elementor-top-column elementor-element elementor-element-3f0756e8\" data-id=\"3f0756e8\" data-element_type=\"column\" data-e-type=\"column\">\n\t\t\t<div class=\"elementor-widget-wrap elementor-element-populated\">\n\t\t\t\t\t\t<div class=\"elementor-element elementor-element-7f9edcf contactform elementor-widget elementor-widget-shortcode\" data-id=\"7f9edcf\" data-element_type=\"widget\" data-e-type=\"widget\" data-widget_type=\"shortcode.default\">\n\t\t\t\t<div class=\"elementor-widget-container\">\n\t\t\t\t\t\t\t<div class=\"elementor-shortcode\"><div id=\"cf7_2_post_bb6029db5d\" class=\"cf7_2_post cf7_form_18\">\n<div class=\"wpcf7 no-js\" id=\"wpcf7-f18-o1\" lang=\"en-US\" dir=\"ltr\" data-wpcf7-id=\"18\">\n<div class=\"screen-reader-response\"><p role=\"status\" aria-live=\"polite\" aria-atomic=\"true\"><\/p> <ul><\/ul><\/div>\n<form action=\"\/es\/wp-json\/wp\/v2\/pages\/26646#wpcf7-f18-o1\" method=\"post\" class=\"wpcf7-form init\" aria-label=\"Contact form\" novalidate=\"novalidate\" data-status=\"init\">\n<fieldset class=\"hidden-fields-container\"><input type=\"hidden\" name=\"_wpcf7\" value=\"18\" \/><input type=\"hidden\" name=\"_wpcf7_version\" value=\"6.1.5\" \/><input type=\"hidden\" name=\"_wpcf7_locale\" value=\"en_US\" \/><input type=\"hidden\" name=\"_wpcf7_unit_tag\" value=\"wpcf7-f18-o1\" \/><input type=\"hidden\" name=\"_wpcf7_container_post\" value=\"0\" \/><input type=\"hidden\" name=\"_wpcf7_posted_data_hash\" value=\"\" \/><input type=\"hidden\" name=\"_map_author\" value=\"1\" \/><input type=\"hidden\" name=\"_c2p_nonce\" value=\"9a0a89b430\" \/><input type=\"hidden\" name=\"_wpnonce\" value=\"70c1194c7b\" \/><input type=\"hidden\" name=\"_wpcf7_recaptcha_response\" value=\"\" \/>\n<\/fieldset>\n<h3>Interesado en:\n<\/h3>\n<div class=\"formulario\">\n\t<p><span class=\"wpcf7-form-control-wrap\" data-name=\"your-interest\"><span class=\"wpcf7-form-control wpcf7-radio\"><span class=\"wpcf7-list-item first\"><span class=\"wpcf7-list-item-label\">Informaci\u00f3n<\/span><input type=\"radio\" name=\"your-interest\" value=\"Informaci\u00f3n\" \/><\/span><span class=\"wpcf7-list-item\"><span class=\"wpcf7-list-item-label\">Soporte t\u00e9cnico<\/span><input type=\"radio\" name=\"your-interest\" value=\"Soporte t\u00e9cnico\" \/><\/span><span class=\"wpcf7-list-item\"><span class=\"wpcf7-list-item-label\">Servicio Post ventas<\/span><input type=\"radio\" name=\"your-interest\" value=\"Servicio Post ventas\" \/><\/span><span class=\"wpcf7-list-item last\"><span class=\"wpcf7-list-item-label\">Media<\/span><input type=\"radio\" name=\"your-interest\" value=\"Media\" \/><\/span><\/span><\/span>\n\t<\/p>\n<\/div>\n<div class=\"campo\">\n\t<p><label> Nombre*<\/label><br \/>\n<span class=\"wpcf7-form-control-wrap\" data-name=\"your-name\"><input size=\"40\" maxlength=\"400\" class=\"wpcf7-form-control wpcf7-text wpcf7-validates-as-required\" aria-required=\"true\" aria-invalid=\"false\" placeholder=\"Escribe tu nombre y apellidos\" value=\"\" type=\"text\" name=\"your-name\" \/><\/span>\n\t<\/p>\n<\/div>\n<div class=\"campo\">\n\t<p><label> Email*<\/label><br \/>\n<span class=\"wpcf7-form-control-wrap\" data-name=\"your-email\"><input size=\"40\" maxlength=\"400\" class=\"wpcf7-form-control wpcf7-email wpcf7-validates-as-required wpcf7-text wpcf7-validates-as-email\" aria-required=\"true\" aria-invalid=\"false\" placeholder=\"Escribe tu correo electr\u00f3nico\" value=\"\" type=\"email\" name=\"your-email\" \/><\/span>\n\t<\/p>\n<\/div>\n<div class=\"campo\">\n\t<p><label> Tel\u00e9fono M\u00f3vil*<\/label><br \/>\n<span class=\"wpcf7-form-control-wrap\" data-name=\"your-phone\"><input size=\"40\" maxlength=\"400\" class=\"wpcf7-form-control wpcf7-tel wpcf7-validates-as-required wpcf7-text wpcf7-validates-as-tel\" aria-required=\"true\" aria-invalid=\"false\" placeholder=\"Escribe tu tel\u00e9fono de contacto\" value=\"\" type=\"tel\" name=\"your-phone\" \/><\/span>\n\t<\/p>\n<\/div>\n<div class=\"campo\">\n\t<p><label>Empresa<\/label><br \/>\n<span class=\"wpcf7-form-control-wrap\" data-name=\"company-name\"><input size=\"40\" maxlength=\"400\" class=\"wpcf7-form-control wpcf7-text\" aria-invalid=\"false\" placeholder=\"Escribe tu empresa (opcional)\" value=\"\" type=\"text\" name=\"company-name\" \/><\/span>\n\t<\/p>\n<\/div>\n<div class=\"campo\">\n\t<p><label>Tel\u00e9fono Fijo<\/label><br \/>\n<span class=\"wpcf7-form-control-wrap\" data-name=\"your-fixphone\"><input size=\"40\" maxlength=\"400\" class=\"wpcf7-form-control wpcf7-tel wpcf7-text wpcf7-validates-as-tel\" aria-invalid=\"false\" placeholder=\"Escribe tu tel\u00e9fono fijo (opcional)\" value=\"\" type=\"tel\" name=\"your-fixphone\" \/><\/span>\n\t<\/p>\n<\/div>\n<div class=\"campo\">\n\t<p><label> P\u00e1gina Web<\/label><br \/>\n<span class=\"wpcf7-form-control-wrap\" data-name=\"webpage\"><input size=\"40\" maxlength=\"400\" class=\"wpcf7-form-control wpcf7-text\" aria-invalid=\"false\" placeholder=\"Escribe tu p\u00e1gina web (opcional)\" value=\"\" type=\"text\" name=\"webpage\" \/><\/span>\n\t<\/p>\n<\/div>\n<div class=\"campo\">\n\t<p><label> Mensaje*<\/label><br \/>\n<span class=\"wpcf7-form-control-wrap\" data-name=\"textarea-101\"><textarea cols=\"40\" rows=\"10\" maxlength=\"2000\" class=\"wpcf7-form-control wpcf7-textarea wpcf7-validates-as-required\" aria-required=\"true\" aria-invalid=\"false\" name=\"textarea-101\"><\/textarea><\/span>\n\t<\/p>\n<\/div>\n<div class=\"campofinal\">\n\t<p><span class=\"wpcf7-form-control-wrap\" data-name=\"acceptance-882\"><span class=\"wpcf7-form-control wpcf7-acceptance\"><span class=\"wpcf7-list-item\"><label><input type=\"checkbox\" name=\"acceptance-882\" value=\"1\" aria-invalid=\"false\" \/><span class=\"wpcf7-list-item-label\">Acepto las <a style=\"text-decoration:underline\" href=\"https:\/\/equusarea.com\/es\/conditions\/\" target=\"_blank\">condiciones generales de contrataci\u00f3n<\/a> y la <a style=\"text-decoration:underline\" href=\"https:\/\/equusarea.com\/es\/privacy\/\" target=\"_blank\">Pol\u00edtica de Privacidad.<\/a>*<\/span><\/label><\/span><\/span><\/span>\n\t<\/p>\n<\/div>\n<div class=\"campofinal\">\n\t<p><span class=\"wpcf7-form-control-wrap\" data-name=\"acceptance-883\"><span class=\"wpcf7-form-control wpcf7-acceptance optional\"><span class=\"wpcf7-list-item\"><label><input type=\"checkbox\" name=\"acceptance-883\" value=\"1\" aria-invalid=\"false\" \/><span class=\"wpcf7-list-item-label\">Acepto recibir promociones, ofertas y comunicaciones comerciales.<\/span><\/label><\/span><\/span><\/span>\n\t<\/p>\n<\/div>\n<div class=\"campofinal\">\n\t<p>Puede darse de baja en cualquier momento. Para ello, consulte nuestra informaci\u00f3n de contacto en el <a style=\"text-decoration:underline\" target=\"_blank\" href=\"https:\/\/equusarea.com\/es\/legal-notice\/\">Aviso legal.<\/a>\n\t<\/p>\n<\/div>\n<div class=\"campofinal\">\n\t<p>\u00c9chale un vistazo a la informaci\u00f3n b\u00e1sica sobre protecci\u00f3n de datos <a style=\"text-decoration:underline\" id=\"modaldata\" href=\"#\">aqu\u00ed<\/a>.\n\t<\/p>\n<\/div>\n<div class=\"campo\">\n\t<p><input class=\"wpcf7-form-control wpcf7-submit has-spinner\" type=\"submit\" value=\"Enviar Formulario\" \/>\n\t<\/p>\n<\/div><p style=\"display: none !important;\" class=\"akismet-fields-container\" data-prefix=\"_wpcf7_ak_\"><label>&#916;<textarea name=\"_wpcf7_ak_hp_textarea\" cols=\"45\" rows=\"8\" maxlength=\"100\"><\/textarea><\/label><input type=\"hidden\" id=\"ak_js_1\" name=\"_wpcf7_ak_js\" value=\"79\"\/><script>document.getElementById( \"ak_js_1\" ).setAttribute( \"value\", ( new Date() ).getTime() );<\/script><\/p><div class=\"wpcf7-response-output\" aria-hidden=\"true\"><\/div>\n<\/form>\n<\/div>\n\n<\/div><\/div>\n\t\t\t\t\t\t<\/div>\n\t\t\t\t<\/div>\n\t\t\t\t<div class=\"elementor-element elementor-element-e590a14 elementor-widget elementor-widget-eael-lightbox\" data-id=\"e590a14\" data-element_type=\"widget\" data-e-type=\"widget\" data-widget_type=\"eael-lightbox.default\">\n\t\t\t\t<div class=\"elementor-widget-container\">\n\t\t\t\t\t\n\n\t\t<div data-lightbox-type=\"lightbox_type_content\" data-lightbox-type-url=\"\" data-lightbox-trigger-pageload=\"1\" class=\"eael-lightbox-wrapper\" data-trigger=\"eael_lightbox_trigger_external\" data-lightbox-id=\"lightbox_69e4561b983a8\" data-type=\"inline\" data-src=\"#eael-lightbox-window-69e4561b983a8\" data-popup-layout=\"eael-lightbox-popup-standard\" data-main-class=\"eael-lightbox-modal-popup-e590a14\" data-close_button=\"yes\" data-esc_exit=\"yes\" data-click_exit=\"yes\" data-effect=\"animated mfp-zoom-in\" data-trigger-element=\"#modaldata\">\n\t\t\t<div class=\"eael-lightbox-btn\">\n\t\t\t\t\t\t\t<\/div><!-- close .eael-lightbox-btn -->\n\t\t<\/div>\n\n\t\t<div class=\"eael-lightbox-popup-window eael-lightbox-popup-window-e590a14 lightbox_type_content\" id=\"eael-lightbox-window-69e4561b983a8\">\n\t\t\t<div class=\"eael-lightbox-container\">\n\t\t\t\t\t\t\t\t\t<div class=\"eael-lightbox-header\">\n\t\t\t\t\t\t<h2 class=\"eael-lightbox-title\">Informaci\u00f3n B\u00e1sica sobre Protecci\u00f3n de Datos<\/h2>\n\t\t\t\t\t<\/div>\n\t\t\t\t<div class=\"eael-lightbox-content\"><ul><li><b>Responsable del tratamiento:<\/b><span style=\"font-weight: 400;\"> Laia Pag\u00e8s Garcia, en adelante (EQUUS AREA<\/span><span style=\"font-weight: 400;\">\u00ae<\/span><span style=\"font-weight: 400;\">).<\/span><\/li><li><b>Finalidad del tratamiento:<\/b><span style=\"font-weight: 400;\"> Enviar la informaci\u00f3n que el usuario requiera a trav\u00e9s de la web.\u00a0<\/span><\/li><li><b>Destinatarios: <\/b><span style=\"font-weight: 400;\">Hosting Webempresa<\/span><\/li><li><b>Legitimaci\u00f3n del tratamiento: <\/b><span style=\"font-weight: 400;\">Consentimiento del interesado.<\/span><\/li><li><b>Derechos: <\/b><span style=\"font-weight: 400;\">Tiene derecho a acceder, rectificar y suprimir los datos, as\u00ed como otros derechos, como se explica en la informaci\u00f3n adicional.<\/span><\/li><li><b>Informaci\u00f3n adicional: <\/b><span style=\"font-weight: 400;\">Puede consultar la informaci\u00f3n adicional y detallada sobre <a href=\"https:\/\/equusarea.com\/es\/privacy\"><span style=\"text-decoration: underline;\">Protecci\u00f3n de datos<\/span><\/a><\/span><\/li><li style=\"list-style-type: none;\">\u00a0<\/li><\/ul><\/div>\n\n\t\t\t<\/div>\n\t\t<\/div>\n\t\t\t\t<\/div>\n\t\t\t\t<\/div>\n\t\t\t\t\t<\/div>\n\t\t<\/div>\n\t\t\t\t\t<\/div>\n\t\t<\/section>\n\t\t\t\t<\/div>\n\t\t","protected":false},"excerpt":{"rendered":"<p>Informaci\u00f3n B\u00e1sica sobre Protecci\u00f3n de Datos Responsable del tratamiento: Laia Pag\u00e8s Garcia, en adelante (EQUUS AREA\u00ae). Finalidad del tratamiento: Enviar la informaci\u00f3n que el usuario requiera a trav\u00e9s de la web.\u00a0 Destinatarios: Hosting Webempresa Legitimaci\u00f3n del tratamiento: Consentimiento del interesado. Derechos: Tiene derecho a acceder, rectificar y suprimir los datos, as\u00ed como otros derechos, como [&hellip;]<\/p>\n","protected":false},"author":1,"featured_media":0,"parent":0,"menu_order":0,"comment_status":"closed","ping_status":"closed","template":"","meta":{"footnotes":""},"class_list":["post-26646","page","type-page","status-publish","hentry"],"yoast_head":"<!-- This site is optimized with the Yoast SEO Premium plugin v25.4 (Yoast SEO v25.4) - https:\/\/yoast.com\/wordpress\/plugins\/seo\/ -->\n<title>Contactar - EQUUS AREA<\/title>\n<meta name=\"robots\" content=\"index, follow, max-snippet:-1, max-image-preview:large, max-video-preview:-1\" \/>\n<link rel=\"canonical\" href=\"https:\/\/equusarea.com\/es\/contactar\/\" \/>\n<meta property=\"og:locale\" content=\"es_ES\" \/>\n<meta property=\"og:type\" content=\"article\" \/>\n<meta property=\"og:title\" content=\"Contactar\" \/>\n<meta property=\"og:description\" content=\"Informaci\u00f3n B\u00e1sica sobre Protecci\u00f3n de Datos Responsable del tratamiento: Laia Pag\u00e8s Garcia, en adelante (EQUUS AREA\u00ae). Finalidad del tratamiento: Enviar la informaci\u00f3n que el usuario requiera a trav\u00e9s de la web.\u00a0 Destinatarios: Hosting Webempresa Legitimaci\u00f3n del tratamiento: Consentimiento del interesado. Derechos: Tiene derecho a acceder, rectificar y suprimir los datos, as\u00ed como otros derechos, como [&hellip;]\" \/>\n<meta property=\"og:url\" content=\"https:\/\/equusarea.com\/es\/contactar\/\" \/>\n<meta property=\"og:site_name\" content=\"EQUUS AREA\" \/>\n<meta property=\"article:publisher\" content=\"https:\/\/www.facebook.com\/equusarea\" \/>\n<meta property=\"article:modified_time\" content=\"2022-04-29T09:05:42+00:00\" \/>\n<meta property=\"og:image\" content=\"https:\/\/equusarea.com\/wp-content\/uploads\/2021\/06\/cropped-AAFF_01_LOGO_EQUUS_horitz_transp_TM.png\" \/>\n\t<meta property=\"og:image:width\" content=\"1890\" \/>\n\t<meta property=\"og:image:height\" content=\"723\" \/>\n\t<meta property=\"og:image:type\" content=\"image\/png\" \/>\n<meta name=\"twitter:card\" content=\"summary_large_image\" \/>\n<script type=\"application\/ld+json\" class=\"yoast-schema-graph\">{\"@context\":\"https:\/\/schema.org\",\"@graph\":[{\"@type\":\"WebPage\",\"@id\":\"https:\/\/equusarea.com\/es\/contactar\/\",\"url\":\"https:\/\/equusarea.com\/es\/contactar\/\",\"name\":\"Contactar - EQUUS AREA\",\"isPartOf\":{\"@id\":\"https:\/\/equusarea.com\/es\/#website\"},\"datePublished\":\"2021-06-05T06:43:52+00:00\",\"dateModified\":\"2022-04-29T09:05:42+00:00\",\"breadcrumb\":{\"@id\":\"https:\/\/equusarea.com\/es\/contactar\/#breadcrumb\"},\"inLanguage\":\"es\",\"potentialAction\":[{\"@type\":\"ReadAction\",\"target\":[\"https:\/\/equusarea.com\/es\/contactar\/\"]}]},{\"@type\":\"BreadcrumbList\",\"@id\":\"https:\/\/equusarea.com\/es\/contactar\/#breadcrumb\",\"itemListElement\":[{\"@type\":\"ListItem\",\"position\":1,\"name\":\"Home\",\"item\":\"https:\/\/equusarea.com\/es\/\"},{\"@type\":\"ListItem\",\"position\":2,\"name\":\"Contactar\"}]},{\"@type\":\"WebSite\",\"@id\":\"https:\/\/equusarea.com\/es\/#website\",\"url\":\"https:\/\/equusarea.com\/es\/\",\"name\":\"EQUUS AREA\",\"description\":\"Internacional Equestrian Marketplace\",\"publisher\":{\"@id\":\"https:\/\/equusarea.com\/es\/#organization\"},\"potentialAction\":[{\"@type\":\"SearchAction\",\"target\":{\"@type\":\"EntryPoint\",\"urlTemplate\":\"https:\/\/equusarea.com\/es\/?s={search_term_string}\"},\"query-input\":{\"@type\":\"PropertyValueSpecification\",\"valueRequired\":true,\"valueName\":\"search_term_string\"}}],\"inLanguage\":\"es\"},{\"@type\":\"Organization\",\"@id\":\"https:\/\/equusarea.com\/es\/#organization\",\"name\":\"EQUUS AREA\",\"url\":\"https:\/\/equusarea.com\/es\/\",\"logo\":{\"@type\":\"ImageObject\",\"inLanguage\":\"es\",\"@id\":\"https:\/\/equusarea.com\/es\/#\/schema\/logo\/image\/\",\"url\":\"https:\/\/equusarea.com\/wp-content\/uploads\/2021\/06\/Cola-Dorada.png\",\"contentUrl\":\"https:\/\/equusarea.com\/wp-content\/uploads\/2021\/06\/Cola-Dorada.png\",\"width\":397,\"height\":488,\"caption\":\"EQUUS AREA\"},\"image\":{\"@id\":\"https:\/\/equusarea.com\/es\/#\/schema\/logo\/image\/\"},\"sameAs\":[\"https:\/\/www.facebook.com\/equusarea\",\"https:\/\/www.instagram.com\/equusarea\/\"]}]}<\/script>\n<!-- \/ Yoast SEO Premium plugin. -->","yoast_head_json":{"title":"Contactar - EQUUS AREA","robots":{"index":"index","follow":"follow","max-snippet":"max-snippet:-1","max-image-preview":"max-image-preview:large","max-video-preview":"max-video-preview:-1"},"canonical":"https:\/\/equusarea.com\/es\/contactar\/","og_locale":"es_ES","og_type":"article","og_title":"Contactar","og_description":"Informaci\u00f3n B\u00e1sica sobre Protecci\u00f3n de Datos Responsable del tratamiento: Laia Pag\u00e8s Garcia, en adelante (EQUUS AREA\u00ae). Finalidad del tratamiento: Enviar la informaci\u00f3n que el usuario requiera a trav\u00e9s de la web.\u00a0 Destinatarios: Hosting Webempresa Legitimaci\u00f3n del tratamiento: Consentimiento del interesado. Derechos: Tiene derecho a acceder, rectificar y suprimir los datos, as\u00ed como otros derechos, como [&hellip;]","og_url":"https:\/\/equusarea.com\/es\/contactar\/","og_site_name":"EQUUS AREA","article_publisher":"https:\/\/www.facebook.com\/equusarea","article_modified_time":"2022-04-29T09:05:42+00:00","og_image":[{"width":1890,"height":723,"url":"https:\/\/equusarea.com\/wp-content\/uploads\/2021\/06\/cropped-AAFF_01_LOGO_EQUUS_horitz_transp_TM.png","type":"image\/png"}],"twitter_card":"summary_large_image","schema":{"@context":"https:\/\/schema.org","@graph":[{"@type":"WebPage","@id":"https:\/\/equusarea.com\/es\/contactar\/","url":"https:\/\/equusarea.com\/es\/contactar\/","name":"Contactar - EQUUS AREA","isPartOf":{"@id":"https:\/\/equusarea.com\/es\/#website"},"datePublished":"2021-06-05T06:43:52+00:00","dateModified":"2022-04-29T09:05:42+00:00","breadcrumb":{"@id":"https:\/\/equusarea.com\/es\/contactar\/#breadcrumb"},"inLanguage":"es","potentialAction":[{"@type":"ReadAction","target":["https:\/\/equusarea.com\/es\/contactar\/"]}]},{"@type":"BreadcrumbList","@id":"https:\/\/equusarea.com\/es\/contactar\/#breadcrumb","itemListElement":[{"@type":"ListItem","position":1,"name":"Home","item":"https:\/\/equusarea.com\/es\/"},{"@type":"ListItem","position":2,"name":"Contactar"}]},{"@type":"WebSite","@id":"https:\/\/equusarea.com\/es\/#website","url":"https:\/\/equusarea.com\/es\/","name":"EQUUS AREA","description":"Internacional Equestrian Marketplace","publisher":{"@id":"https:\/\/equusarea.com\/es\/#organization"},"potentialAction":[{"@type":"SearchAction","target":{"@type":"EntryPoint","urlTemplate":"https:\/\/equusarea.com\/es\/?s={search_term_string}"},"query-input":{"@type":"PropertyValueSpecification","valueRequired":true,"valueName":"search_term_string"}}],"inLanguage":"es"},{"@type":"Organization","@id":"https:\/\/equusarea.com\/es\/#organization","name":"EQUUS AREA","url":"https:\/\/equusarea.com\/es\/","logo":{"@type":"ImageObject","inLanguage":"es","@id":"https:\/\/equusarea.com\/es\/#\/schema\/logo\/image\/","url":"https:\/\/equusarea.com\/wp-content\/uploads\/2021\/06\/Cola-Dorada.png","contentUrl":"https:\/\/equusarea.com\/wp-content\/uploads\/2021\/06\/Cola-Dorada.png","width":397,"height":488,"caption":"EQUUS AREA"},"image":{"@id":"https:\/\/equusarea.com\/es\/#\/schema\/logo\/image\/"},"sameAs":["https:\/\/www.facebook.com\/equusarea","https:\/\/www.instagram.com\/equusarea\/"]}]}},"_links":{"self":[{"href":"https:\/\/equusarea.com\/es\/wp-json\/wp\/v2\/pages\/26646","targetHints":{"allow":["GET"]}}],"collection":[{"href":"https:\/\/equusarea.com\/es\/wp-json\/wp\/v2\/pages"}],"about":[{"href":"https:\/\/equusarea.com\/es\/wp-json\/wp\/v2\/types\/page"}],"author":[{"embeddable":true,"href":"https:\/\/equusarea.com\/es\/wp-json\/wp\/v2\/users\/1"}],"replies":[{"embeddable":true,"href":"https:\/\/equusarea.com\/es\/wp-json\/wp\/v2\/comments?post=26646"}],"version-history":[{"count":0,"href":"https:\/\/equusarea.com\/es\/wp-json\/wp\/v2\/pages\/26646\/revisions"}],"wp:attachment":[{"href":"https:\/\/equusarea.com\/es\/wp-json\/wp\/v2\/media?parent=26646"}],"curies":[{"name":"wp","href":"https:\/\/api.w.org\/{rel}","templated":true}]}}